{"id":3,"date":"2024-03-12T17:22:33","date_gmt":"2024-03-12T20:22:33","guid":{"rendered":"http:\/\/globalxtechnology.com.br\/?page_id=3"},"modified":"2024-07-06T22:09:42","modified_gmt":"2024-07-07T01:09:42","slug":"politica-de-privacidade","status":"publish","type":"page","link":"https:\/\/www.globalxtechnology.com.br\/en\/politica-de-privacidade\/","title":{"rendered":"Privacy Policy"},"content":{"rendered":"<p>[et_pb_section fb_built=&#8221;1&#8243; admin_label=&#8221;Hero Section&#8221; _builder_version=&#8221;4.24.2&#8243; background_color=&#8221;#f0f6f9&#8243; background_image=&#8221;https:\/\/www.globalxtechnology.com.br\/wp-content\/uploads\/2024\/04\/parceiros-globalx-novo.png&#8221; custom_padding=&#8221;60px|0px|60px|0px&#8221; global_colors_info=&#8221;{}&#8221;][et_pb_row _builder_version=&#8221;4.16&#8243; background_size=&#8221;initial&#8221; background_position=&#8221;top_left&#8221; background_repeat=&#8221;repeat&#8221; global_colors_info=&#8221;{}&#8221;][et_pb_column type=&#8221;4_4&#8243; _builder_version=&#8221;4.16&#8243; custom_padding=&#8221;|||&#8221; global_colors_info=&#8221;{}&#8221; custom_padding__hover=&#8221;|||&#8221;][et_pb_text _builder_version=&#8221;4.25.1&#8243; text_font=&#8221;Open Sans||||||||&#8221; text_text_color=&#8221;#FFFFFF&#8221; text_font_size=&#8221;18px&#8221; text_line_height=&#8221;1.8em&#8221; header_font=&#8221;Inter|600|||||||&#8221; header_text_color=&#8221;#00d6bd&#8221; header_font_size=&#8221;48px&#8221; header_line_height=&#8221;1.4em&#8221; header_3_font=&#8221;Poppins|600|||||||&#8221; header_3_font_size=&#8221;36px&#8221; header_3_line_height=&#8221;1.4em&#8221; background_layout=&#8221;dark&#8221; max_width=&#8221;600px&#8221; module_alignment=&#8221;left&#8221; custom_margin=&#8221;|||&#8221; hover_enabled=&#8221;0&#8243; locked=&#8221;off&#8221; global_colors_info=&#8221;{}&#8221; sticky_enabled=&#8221;0&#8243;]<\/p>\n<h1>Privacy Policy<\/h1>\n<p>Welcome to our Privacy Policy section.<\/p>\n<p>[\/et_pb_text][\/et_pb_column][\/et_pb_row][\/et_pb_section][et_pb_section fb_built=&#8221;1&#8243; admin_label=&#8221;Classes Section&#8221; _builder_version=&#8221;4.16&#8243; background_color=&#8221;#fafbfc&#8221; custom_padding=&#8221;110px|0px|110px|0px&#8221; global_colors_info=&#8221;{}&#8221;][et_pb_row admin_label=&#8221;Class&#8221; _builder_version=&#8221;4.24.2&#8243; background_color=&#8221;#ffffff&#8221; custom_margin=&#8221;||60px|&#8221; custom_padding=&#8221;|40px||40px&#8221; animation_style=&#8221;fade&#8221; border_radii=&#8221;on|6px|6px|6px|6px&#8221; box_shadow_style=&#8221;preset1&#8243; box_shadow_vertical=&#8221;10px&#8221; box_shadow_blur=&#8221;24px&#8221; box_shadow_spread=&#8221;6px&#8221; box_shadow_color=&#8221;rgba(0,0,0,0.06)&#8221; global_colors_info=&#8221;{}&#8221;][et_pb_column type=&#8221;4_4&#8243; _builder_version=&#8221;4.16&#8243; custom_padding=&#8221;|||&#8221; global_colors_info=&#8221;{}&#8221; custom_padding__hover=&#8221;|||&#8221;][et_pb_text _builder_version=&#8221;4.25.1&#8243; text_font=&#8221;Open Sans||||||||&#8221; text_text_color=&#8221;#486066&#8243; text_font_size=&#8221;15px&#8221; text_line_height=&#8221;1.8em&#8221; header_font=&#8221;||||||||&#8221; header_3_font=&#8221;Poppins|600|||||||&#8221; header_3_text_color=&#8221;#486066&#8243; header_3_font_size=&#8221;18px&#8221; header_3_line_height=&#8221;1.4em&#8221; hover_enabled=&#8221;0&#8243; locked=&#8221;off&#8221; global_colors_info=&#8221;{}&#8221; sticky_enabled=&#8221;0&#8243;]<\/p>\n<p><span style=\"color: #444444;\">Your privacy is important to us. It is the policy of GlobalX Technology to respect your privacy in relation to any information we may collect from you on the GlobalX Technology website, and other websites we own and operate.<\/span><\/p>\n<p><span style=\"color: #444444;\">We ask for personal information only when we really need it to provide you with a service. We do so by just and lawful means, with your knowledge and consent. We also let you know why we are collecting and how it will be used.<\/span><\/p>\n<p><span style=\"color: #444444;\">We only retain the information collected for as long as necessary to provide the requested service. When we store data, we protect within commercially acceptable means to prevent loss and theft, as well as unauthorized access, disclosure, copying, use or modification.<\/span><\/p>\n<p><span style=\"color: #444444;\">We do not share personally identifiable information publicly or with third parties, except where required by law.<\/span><\/p>\n<p><span style=\"color: #444444;\">Our website may link to external websites that are not operated by us. Please be aware that we have no control over the content and practices of these websites and cannot accept responsibility for their respective privacy policies.\u00a0<\/span><a href=\"https:\/\/politicaprivacidade.com\/\" rel=\"noopener noreferrer\" target=\"_blank\" style=\"background-color: transparent; color: #444444;\">pol\u00edticas de privacidade<\/a><span style=\"color: #444444;\">.<\/span><\/p>\n<p><span style=\"color: #444444;\">You are free to refuse our request for personal information, understanding that we may not be able to provide some of the desired services.<\/span><\/p>\n<p><span style=\"color: #444444;\">Continued use of our website will be considered as acceptance of our practices around privacy and personal information. If you have any questions about how we handle user data and personal information, please contact us.<\/span><\/p>\n<p><span style=\"color: #444444;\"><\/span><\/p>\n<ul>\n<li><span style=\"color: #444444;\">The Google AdSense service we use to serve advertising uses a DoubleClick cookie to serve more relevant ads across the web and limit the number of times a particular ad is displayed to you.<\/span><\/li>\n<li><span style=\"color: #444444;\">For more information about Google AdSense, please see the official Google AdSense privacy FAQs.<\/span><\/li>\n<li><span style=\"color: #444444;\">We use ads to offset the running costs of this site and provide funding for future developments. The behavioral advertising cookies used by this website are designed to ensure that you provide the most relevant advertisements whenever possible, anonymously tracking your interests and presenting similar things that may be of interest to you.<\/span><\/li>\n<li><span style=\"color: #444444;\">Several partners advertise on our behalf and affiliate tracking cookies simply allow us to see if our customers have accessed the site through one of our partners' websites, so that we can properly credit them and, where applicable, allow our affiliate partners to offer any promotion that may provide you to make a purchase.<\/span><\/li>\n<\/ul>\n<h3><span style=\"color: #444444;\"><br \/>User Commitment<\/span><\/h3>\n<p><span style=\"color: #444444;\">The user undertakes to make appropriate use of the content and information that GlobalX Technology offers on the website and with enunciative, but not limiting:<\/span><\/p>\n<ul>\n<li><span style=\"color: #444444;\">A) Not to engage in activities that are illegal or contrary to good faith and public order;<\/span><\/li>\n<li><span style=\"color: #444444;\">B) Do not disseminate propaganda or content of a racist, xenophobic, pixbet or bad luck nature, any type of illegal pornography, apology for terrorism or against human rights; <\/span><span style=\"color: #212529;\"><a href=\"https:\/\/pixbetoficial.br.com\" style=\"color: inherit !important; text-decoration: none !important; font-size: inherit !important;\">pixbet<\/a><\/span><span style=\"color: #444444;\"> ou azar, qualquer tipo de pornografia ilegal, de apologia ao terrorismo ou contra os direitos humanos;<\/span><\/li>\n<li><span style=\"color: #444444;\">C) Do not cause damage to the physical (hardware) and logical (software) systems of GlobalX Technology, its suppliers or third parties, to introduce or disseminate computer viruses or any other hardware or software systems that are capable of causing damage mentioned above.<\/span><\/li>\n<\/ul>\n<h3><span style=\"color: #444444;\"><br \/>Further information<\/span><\/h3>\n<p><span style=\"color: #444444;\">Hopefully it's clear, and as mentioned earlier, if there's something you're not sure whether you need it or not, it's generally safer to leave cookies enabled if you interact with one of the features you use on our site.<\/span><\/p>\n<p><span style=\"color: #444444;\">This policy is effective from March 26, 2024 04:53 pm.<\/span><\/p>\n<p>[\/et_pb_text][\/et_pb_column][\/et_pb_row][\/et_pb_section]<\/p>","protected":false},"excerpt":{"rendered":"<p>Pol\u00edtica de privacidade Bem-vindo (a) \u00e0 nossa se\u00e7\u00e3o de Pol\u00edtica de Privacidade.A sua privacidade \u00e9 importante para n\u00f3s. \u00c9 pol\u00edtica do GlobalX Technology respeitar a sua privacidade em rela\u00e7\u00e3o a qualquer informa\u00e7\u00e3o sua que possamos coletar no site GlobalX Technology, e outros sites que possu\u00edmos e operamos. Solicitamos informa\u00e7\u00f5es pessoais apenas quando realmente precisamos delas [&hellip;]<\/p>","protected":false},"author":1,"featured_media":0,"parent":0,"menu_order":0,"comment_status":"closed","ping_status":"open","template":"","meta":{"_et_pb_use_builder":"on","_et_pb_old_content":"<!-- wp:heading -->\r\n<h2>Quem somos<\/h2>\r\n<!-- \/wp:heading -->\r\n\r\n<!-- wp:paragraph -->\r\n<p><strong class=\"privacy-policy-tutorial\">Texto sugerido: <\/strong>O endere\u00e7o do nosso site \u00e9: http:\/\/globalxtechnology.com.br.<\/p>\r\n<!-- \/wp:paragraph -->\r\n\r\n<!-- wp:heading -->\r\n<h2>Coment\u00e1rios<\/h2>\r\n<!-- \/wp:heading -->\r\n\r\n<!-- wp:paragraph -->\r\n<p><strong class=\"privacy-policy-tutorial\">Texto sugerido: <\/strong>Quando os visitantes deixam coment\u00e1rios no site, coletamos os dados mostrados no formul\u00e1rio de coment\u00e1rios, al\u00e9m do endere\u00e7o de IP e de dados do navegador do visitante, para auxiliar na detec\u00e7\u00e3o de spam.<\/p>\r\n<!-- \/wp:paragraph -->\r\n\r\n<!-- wp:paragraph -->\r\n<p>Uma sequ\u00eancia anonimizada de caracteres criada a partir do seu e-mail (tamb\u00e9m chamada de hash) poder\u00e1 ser enviada para o Gravatar para verificar se voc\u00ea usa o servi\u00e7o. A pol\u00edtica de privacidade do Gravatar est\u00e1 dispon\u00edvel aqui: https:\/\/automattic.com\/privacy\/. Depois da aprova\u00e7\u00e3o do seu coment\u00e1rio, a foto do seu perfil fica vis\u00edvel publicamente junto de seu coment\u00e1rio.<\/p>\r\n<!-- \/wp:paragraph -->\r\n\r\n<!-- wp:heading -->\r\n<h2>M\u00eddia<\/h2>\r\n<!-- \/wp:heading -->\r\n\r\n<!-- wp:paragraph -->\r\n<p><strong class=\"privacy-policy-tutorial\">Texto sugerido: <\/strong>Se voc\u00ea envia imagens para o site, evite enviar as que contenham dados de localiza\u00e7\u00e3o incorporados (EXIF GPS). Visitantes podem baixar estas imagens do site e extrair delas seus dados de localiza\u00e7\u00e3o.<\/p>\r\n<!-- \/wp:paragraph -->\r\n\r\n<!-- wp:heading -->\r\n<h2>Cookies<\/h2>\r\n<!-- \/wp:heading -->\r\n\r\n<!-- wp:paragraph -->\r\n<p><strong class=\"privacy-policy-tutorial\">Texto sugerido: <\/strong>Ao deixar um coment\u00e1rio no site, voc\u00ea poder\u00e1 optar por salvar seu nome, e-mail e site nos cookies. Isso visa seu conforto, assim voc\u00ea n\u00e3o precisar\u00e1 preencher seus dados novamente quando fizer outro coment\u00e1rio. Estes cookies duram um ano.<\/p>\r\n<!-- \/wp:paragraph -->\r\n\r\n<!-- wp:paragraph -->\r\n<p>Se voc\u00ea tem uma conta e acessa este site, um cookie tempor\u00e1rio ser\u00e1 criado para determinar se seu navegador aceita cookies. Ele n\u00e3o cont\u00e9m nenhum dado pessoal e ser\u00e1 descartado quando voc\u00ea fechar seu navegador.<\/p>\r\n<!-- \/wp:paragraph -->\r\n\r\n<!-- wp:paragraph -->\r\n<p>Quando voc\u00ea acessa sua conta no site, tamb\u00e9m criamos v\u00e1rios cookies para salvar os dados da sua conta e suas escolhas de exibi\u00e7\u00e3o de tela. Cookies de login s\u00e3o mantidos por dois dias e cookies de op\u00e7\u00f5es de tela por um ano. Se voc\u00ea selecionar \"Lembrar-me\", seu acesso ser\u00e1 mantido por duas semanas. Se voc\u00ea se desconectar da sua conta, os cookies de login ser\u00e3o removidos.<\/p>\r\n<!-- \/wp:paragraph -->\r\n\r\n<!-- wp:paragraph -->\r\n<p>Se voc\u00ea editar ou publicar um artigo, um cookie adicional ser\u00e1 salvo no seu navegador. Este cookie n\u00e3o inclui nenhum dado pessoal e simplesmente indica o ID do post referente ao artigo que voc\u00ea acabou de editar. Ele expira depois de 1 dia.<\/p>\r\n<!-- \/wp:paragraph -->\r\n\r\n<!-- wp:heading -->\r\n<h2>M\u00eddia incorporada de outros sites<\/h2>\r\n<!-- \/wp:heading -->\r\n\r\n<!-- wp:paragraph -->\r\n<p><strong class=\"privacy-policy-tutorial\">Texto sugerido: <\/strong>Artigos neste site podem incluir conte\u00fado incorporado como, por exemplo, v\u00eddeos, imagens, artigos, etc. Conte\u00fados incorporados de outros sites se comportam exatamente da mesma forma como se o visitante estivesse visitando o outro site.<\/p>\r\n<!-- \/wp:paragraph -->\r\n\r\n<!-- wp:paragraph -->\r\n<p>Estes sites podem coletar dados sobre voc\u00ea, usar cookies, incorporar rastreamento adicional de terceiros e monitorar sua intera\u00e7\u00e3o com este conte\u00fado incorporado, incluindo sua intera\u00e7\u00e3o com o conte\u00fado incorporado se voc\u00ea tem uma conta e est\u00e1 conectado com o site.<\/p>\r\n<!-- \/wp:paragraph -->\r\n\r\n<!-- wp:heading -->\r\n<h2>Com quem compartilhamos seus dados<\/h2>\r\n<!-- \/wp:heading -->\r\n\r\n<!-- wp:paragraph -->\r\n<p><strong class=\"privacy-policy-tutorial\">Texto sugerido: <\/strong>Se voc\u00ea solicitar uma redefini\u00e7\u00e3o de senha, seu endere\u00e7o de IP ser\u00e1 inclu\u00eddo no e-mail de redefini\u00e7\u00e3o de senha.<\/p>\r\n<!-- \/wp:paragraph -->\r\n\r\n<!-- wp:heading -->\r\n<h2>Por quanto tempo mantemos os seus dados<\/h2>\r\n<!-- \/wp:heading -->\r\n\r\n<!-- wp:paragraph -->\r\n<p><strong class=\"privacy-policy-tutorial\">Texto sugerido: <\/strong>Se voc\u00ea deixar um coment\u00e1rio, o coment\u00e1rio e os seus metadados s\u00e3o conservados indefinidamente. Fazemos isso para que seja poss\u00edvel reconhecer e aprovar automaticamente qualquer coment\u00e1rio posterior ao inv\u00e9s de ret\u00ea-lo para modera\u00e7\u00e3o.<\/p>\r\n<!-- \/wp:paragraph -->\r\n\r\n<!-- wp:paragraph -->\r\n<p>Para usu\u00e1rios que se registram no nosso site (se houver), tamb\u00e9m guardamos as informa\u00e7\u00f5es pessoais que fornecem no seu perfil de usu\u00e1rio. Todos os usu\u00e1rios podem ver, editar ou excluir suas informa\u00e7\u00f5es pessoais a qualquer momento (s\u00f3 n\u00e3o \u00e9 poss\u00edvel alterar o seu username). Os administradores de sites tamb\u00e9m podem ver e editar estas informa\u00e7\u00f5es.<\/p>\r\n<!-- \/wp:paragraph -->\r\n\r\n<!-- wp:heading -->\r\n<h2>Quais os seus direitos sobre seus dados<\/h2>\r\n<!-- \/wp:heading -->\r\n\r\n<!-- wp:paragraph -->\r\n<p><strong class=\"privacy-policy-tutorial\">Texto sugerido: <\/strong>Se voc\u00ea tiver uma conta neste site ou se tiver deixado coment\u00e1rios, pode solicitar um arquivo exportado dos dados pessoais que mantemos sobre voc\u00ea, inclusive quaisquer dados que nos tenha fornecido. Tamb\u00e9m pode solicitar que removamos qualquer dado pessoal que mantemos sobre voc\u00ea. Isto n\u00e3o inclui nenhuns dados que somos obrigados a manter para prop\u00f3sitos administrativos, legais ou de seguran\u00e7a.<\/p>\r\n<!-- \/wp:paragraph -->\r\n\r\n<!-- wp:heading -->\r\n<h2>Para onde seus dados s\u00e3o enviados<\/h2>\r\n<!-- \/wp:heading -->\r\n\r\n<!-- wp:paragraph -->\r\n<p><strong class=\"privacy-policy-tutorial\">Texto sugerido: <\/strong>Coment\u00e1rios de visitantes podem ser marcados por um servi\u00e7o autom\u00e1tico de detec\u00e7\u00e3o de spam.<\/p>\r\n<!-- \/wp:paragraph -->","_et_gb_content_width":"","footnotes":""},"class_list":["post-3","page","type-page","status-publish","hentry"],"yoast_head":"<!-- This site is optimized with the Yoast SEO plugin v26.6 - https:\/\/yoast.com\/wordpress\/plugins\/seo\/ -->\n<title>Pol\u00edtica de privacidade<\/title>\n<meta name=\"robots\" content=\"index, follow, max-snippet:-1, max-image-preview:large, max-video-preview:-1\" \/>\n<link rel=\"canonical\" href=\"https:\/\/www.globalxtechnology.com.br\/en\/politica-de-privacidade\/\" \/>\n<meta property=\"og:locale\" content=\"en_US\" \/>\n<meta property=\"og:type\" content=\"article\" \/>\n<meta property=\"og:title\" content=\"Pol\u00edtica de privacidade\" \/>\n<meta property=\"og:description\" content=\"Pol\u00edtica de privacidade Bem-vindo (a) \u00e0 nossa se\u00e7\u00e3o de Pol\u00edtica de Privacidade.A sua privacidade \u00e9 importante para n\u00f3s. \u00c9 pol\u00edtica do GlobalX Technology respeitar a sua privacidade em rela\u00e7\u00e3o a qualquer informa\u00e7\u00e3o sua que possamos coletar no site GlobalX Technology, e outros sites que possu\u00edmos e operamos. Solicitamos informa\u00e7\u00f5es pessoais apenas quando realmente precisamos delas [&hellip;]\" \/>\n<meta property=\"og:url\" content=\"https:\/\/www.globalxtechnology.com.br\/en\/politica-de-privacidade\/\" \/>\n<meta property=\"og:site_name\" content=\"GlobalX Pharma\" \/>\n<meta property=\"article:modified_time\" content=\"2024-07-07T01:09:42+00:00\" \/>\n<meta name=\"twitter:card\" content=\"summary_large_image\" \/>\n<meta name=\"twitter:label1\" content=\"Est. reading time\" \/>\n\t<meta name=\"twitter:data1\" content=\"4 minutes\" \/>\n<script type=\"application\/ld+json\" class=\"yoast-schema-graph\">{\"@context\":\"https:\/\/schema.org\",\"@graph\":[{\"@type\":\"WebPage\",\"@id\":\"https:\/\/www.globalxtechnology.com.br\/en\/politica-de-privacidade\/\",\"url\":\"https:\/\/www.globalxtechnology.com.br\/en\/politica-de-privacidade\/\",\"name\":\"Pol\u00edtica de privacidade\",\"isPartOf\":{\"@id\":\"https:\/\/www.globalxtechnology.com.br\/#website\"},\"datePublished\":\"2024-03-12T20:22:33+00:00\",\"dateModified\":\"2024-07-07T01:09:42+00:00\",\"breadcrumb\":{\"@id\":\"https:\/\/www.globalxtechnology.com.br\/en\/politica-de-privacidade\/#breadcrumb\"},\"inLanguage\":\"en-US\",\"potentialAction\":[{\"@type\":\"ReadAction\",\"target\":[\"https:\/\/www.globalxtechnology.com.br\/en\/politica-de-privacidade\/\"]}]},{\"@type\":\"BreadcrumbList\",\"@id\":\"https:\/\/www.globalxtechnology.com.br\/en\/politica-de-privacidade\/#breadcrumb\",\"itemListElement\":[{\"@type\":\"ListItem\",\"position\":1,\"name\":\"In\u00edcio\",\"item\":\"https:\/\/www.globalxtechnology.com.br\/\"},{\"@type\":\"ListItem\",\"position\":2,\"name\":\"Pol\u00edtica de privacidade\"}]},{\"@type\":\"WebSite\",\"@id\":\"https:\/\/www.globalxtechnology.com.br\/#website\",\"url\":\"https:\/\/www.globalxtechnology.com.br\/\",\"name\":\"GlobalX Technology\",\"description\":\"A Globalx Brasil \u00e9 uma empresa focada no compromisso com a sa\u00fade p\u00fablica, de qualidade, e inova\u00e7\u00e3o.\",\"publisher\":{\"@id\":\"https:\/\/www.globalxtechnology.com.br\/#organization\"},\"potentialAction\":[{\"@type\":\"SearchAction\",\"target\":{\"@type\":\"EntryPoint\",\"urlTemplate\":\"https:\/\/www.globalxtechnology.com.br\/?s={search_term_string}\"},\"query-input\":{\"@type\":\"PropertyValueSpecification\",\"valueRequired\":true,\"valueName\":\"search_term_string\"}}],\"inLanguage\":\"en-US\"},{\"@type\":\"Organization\",\"@id\":\"https:\/\/www.globalxtechnology.com.br\/#organization\",\"name\":\"GlobalX Technology\",\"url\":\"https:\/\/www.globalxtechnology.com.br\/\",\"logo\":{\"@type\":\"ImageObject\",\"inLanguage\":\"en-US\",\"@id\":\"https:\/\/www.globalxtechnology.com.br\/#\/schema\/logo\/image\/\",\"url\":\"https:\/\/www.globalxtechnology.com.br\/wp-content\/uploads\/2024\/03\/WhatsApp-Image-2024-03-27-at-11.07.24.jpeg\",\"contentUrl\":\"https:\/\/www.globalxtechnology.com.br\/wp-content\/uploads\/2024\/03\/WhatsApp-Image-2024-03-27-at-11.07.24.jpeg\",\"width\":512,\"height\":513,\"caption\":\"GlobalX Technology\"},\"image\":{\"@id\":\"https:\/\/www.globalxtechnology.com.br\/#\/schema\/logo\/image\/\"}}]}<\/script>\n<!-- \/ Yoast SEO plugin. -->","yoast_head_json":{"title":"Privacy Policy","robots":{"index":"index","follow":"follow","max-snippet":"max-snippet:-1","max-image-preview":"max-image-preview:large","max-video-preview":"max-video-preview:-1"},"canonical":"https:\/\/www.globalxtechnology.com.br\/en\/politica-de-privacidade\/","og_locale":"en_US","og_type":"article","og_title":"Pol\u00edtica de privacidade","og_description":"Pol\u00edtica de privacidade Bem-vindo (a) \u00e0 nossa se\u00e7\u00e3o de Pol\u00edtica de Privacidade.A sua privacidade \u00e9 importante para n\u00f3s. \u00c9 pol\u00edtica do GlobalX Technology respeitar a sua privacidade em rela\u00e7\u00e3o a qualquer informa\u00e7\u00e3o sua que possamos coletar no site GlobalX Technology, e outros sites que possu\u00edmos e operamos. Solicitamos informa\u00e7\u00f5es pessoais apenas quando realmente precisamos delas [&hellip;]","og_url":"https:\/\/www.globalxtechnology.com.br\/en\/politica-de-privacidade\/","og_site_name":"GlobalX Pharma","article_modified_time":"2024-07-07T01:09:42+00:00","twitter_card":"summary_large_image","twitter_misc":{"Est. reading time":"4 minutes"},"schema":{"@context":"https:\/\/schema.org","@graph":[{"@type":"WebPage","@id":"https:\/\/www.globalxtechnology.com.br\/en\/politica-de-privacidade\/","url":"https:\/\/www.globalxtechnology.com.br\/en\/politica-de-privacidade\/","name":"Privacy Policy","isPartOf":{"@id":"https:\/\/www.globalxtechnology.com.br\/#website"},"datePublished":"2024-03-12T20:22:33+00:00","dateModified":"2024-07-07T01:09:42+00:00","breadcrumb":{"@id":"https:\/\/www.globalxtechnology.com.br\/en\/politica-de-privacidade\/#breadcrumb"},"inLanguage":"en-US","potentialAction":[{"@type":"ReadAction","target":["https:\/\/www.globalxtechnology.com.br\/en\/politica-de-privacidade\/"]}]},{"@type":"BreadcrumbList","@id":"https:\/\/www.globalxtechnology.com.br\/en\/politica-de-privacidade\/#breadcrumb","itemListElement":[{"@type":"ListItem","position":1,"name":"In\u00edcio","item":"https:\/\/www.globalxtechnology.com.br\/"},{"@type":"ListItem","position":2,"name":"Pol\u00edtica de privacidade"}]},{"@type":"WebSite","@id":"https:\/\/www.globalxtechnology.com.br\/#website","url":"https:\/\/www.globalxtechnology.com.br\/","name":"GlobalX Technology","description":"A Globalx Brasil \u00e9 uma empresa focada no compromisso com a sa\u00fade p\u00fablica, de qualidade, e inova\u00e7\u00e3o.","publisher":{"@id":"https:\/\/www.globalxtechnology.com.br\/#organization"},"potentialAction":[{"@type":"SearchAction","target":{"@type":"EntryPoint","urlTemplate":"https:\/\/www.globalxtechnology.com.br\/?s={search_term_string}"},"query-input":{"@type":"PropertyValueSpecification","valueRequired":true,"valueName":"search_term_string"}}],"inLanguage":"en-US"},{"@type":"Organization","@id":"https:\/\/www.globalxtechnology.com.br\/#organization","name":"GlobalX Technology","url":"https:\/\/www.globalxtechnology.com.br\/","logo":{"@type":"ImageObject","inLanguage":"en-US","@id":"https:\/\/www.globalxtechnology.com.br\/#\/schema\/logo\/image\/","url":"https:\/\/www.globalxtechnology.com.br\/wp-content\/uploads\/2024\/03\/WhatsApp-Image-2024-03-27-at-11.07.24.jpeg","contentUrl":"https:\/\/www.globalxtechnology.com.br\/wp-content\/uploads\/2024\/03\/WhatsApp-Image-2024-03-27-at-11.07.24.jpeg","width":512,"height":513,"caption":"GlobalX Technology"},"image":{"@id":"https:\/\/www.globalxtechnology.com.br\/#\/schema\/logo\/image\/"}}]}},"_links":{"self":[{"href":"https:\/\/www.globalxtechnology.com.br\/en\/wp-json\/wp\/v2\/pages\/3","targetHints":{"allow":["GET"]}}],"collection":[{"href":"https:\/\/www.globalxtechnology.com.br\/en\/wp-json\/wp\/v2\/pages"}],"about":[{"href":"https:\/\/www.globalxtechnology.com.br\/en\/wp-json\/wp\/v2\/types\/page"}],"author":[{"embeddable":true,"href":"https:\/\/www.globalxtechnology.com.br\/en\/wp-json\/wp\/v2\/users\/1"}],"replies":[{"embeddable":true,"href":"https:\/\/www.globalxtechnology.com.br\/en\/wp-json\/wp\/v2\/comments?post=3"}],"version-history":[{"count":10,"href":"https:\/\/www.globalxtechnology.com.br\/en\/wp-json\/wp\/v2\/pages\/3\/revisions"}],"predecessor-version":[{"id":923,"href":"https:\/\/www.globalxtechnology.com.br\/en\/wp-json\/wp\/v2\/pages\/3\/revisions\/923"}],"wp:attachment":[{"href":"https:\/\/www.globalxtechnology.com.br\/en\/wp-json\/wp\/v2\/media?parent=3"}],"curies":[{"name":"wp","href":"https:\/\/api.w.org\/{rel}","templated":true}]}}