{"id":38,"date":"2024-03-12T18:10:20","date_gmt":"2024-03-12T21:10:20","guid":{"rendered":"https:\/\/globalxtechnology.com.br\/?page_id=38"},"modified":"2024-04-17T17:15:16","modified_gmt":"2024-04-17T20:15:16","slug":"quem-somos","status":"publish","type":"page","link":"https:\/\/www.globalxtechnology.com.br\/en\/quem-somos\/","title":{"rendered":"ABOUT US"},"content":{"rendered":"<p>[et_pb_section fb_built=&#8221;1&#8243; admin_label=&#8221;Hero Section&#8221; _builder_version=&#8221;4.24.2&#8243; background_color=&#8221;#f0f6f9&#8243; background_image=&#8221;https:\/\/www.globalxtechnology.com.br\/wp-content\/uploads\/2024\/04\/globalx-quem-somos.png&#8221; custom_padding=&#8221;60px|0px|60px|0px&#8221; global_colors_info=&#8221;{}&#8221;][et_pb_row _builder_version=&#8221;4.16&#8243; background_size=&#8221;initial&#8221; background_position=&#8221;top_left&#8221; background_repeat=&#8221;repeat&#8221; global_colors_info=&#8221;{}&#8221;][et_pb_column type=&#8221;4_4&#8243; _builder_version=&#8221;4.16&#8243; custom_padding=&#8221;|||&#8221; global_colors_info=&#8221;{}&#8221; custom_padding__hover=&#8221;|||&#8221;][et_pb_text _builder_version=&#8221;4.24.2&#8243; text_font=&#8221;Open Sans||||||||&#8221; text_text_color=&#8221;#FFFFFF&#8221; text_font_size=&#8221;18px&#8221; text_line_height=&#8221;1.8em&#8221; header_font=&#8221;Inter|600|||||||&#8221; header_text_color=&#8221;#00d6bd&#8221; header_font_size=&#8221;48px&#8221; header_line_height=&#8221;1.4em&#8221; header_3_font=&#8221;Poppins|600|||||||&#8221; header_3_font_size=&#8221;36px&#8221; header_3_line_height=&#8221;1.4em&#8221; background_layout=&#8221;dark&#8221; max_width=&#8221;600px&#8221; module_alignment=&#8221;left&#8221; custom_margin=&#8221;|||&#8221; animation_style=&#8221;slide&#8221; animation_direction=&#8221;top&#8221; animation_duration=&#8221;750ms&#8221; locked=&#8221;off&#8221; global_colors_info=&#8221;{}&#8221;]<\/p>\n<h1>ABOUT US<\/h1>\n<p>Welcome to GlobalX, where innovation meets dedication.<\/p>\n<p>[\/et_pb_text][\/et_pb_column][\/et_pb_row][\/et_pb_section][et_pb_section fb_built=&#8221;1&#8243; admin_label=&#8221;Quem somos&#8221; _builder_version=&#8221;4.16&#8243; custom_padding=&#8221;110px|0px|110px|0px&#8221; collapsed=&#8221;on&#8221; global_colors_info=&#8221;{}&#8221;][et_pb_row _builder_version=&#8221;4.24.2&#8243; custom_padding=&#8221;|40px||40px|false|false&#8221; border_radii=&#8221;on|6px|6px|6px|6px&#8221; box_shadow_style=&#8221;preset1&#8243; box_shadow_vertical=&#8221;10px&#8221; box_shadow_blur=&#8221;24px&#8221; box_shadow_spread=&#8221;6px&#8221; box_shadow_color=&#8221;rgba(0,0,0,0.06)&#8221; locked=&#8221;off&#8221; global_colors_info=&#8221;{}&#8221;][et_pb_column type=&#8221;4_4&#8243; _builder_version=&#8221;4.16&#8243; custom_padding=&#8221;|||&#8221; global_colors_info=&#8221;{}&#8221; custom_padding__hover=&#8221;|||&#8221;][et_pb_text _builder_version=&#8221;4.24.2&#8243; text_font=&#8221;||||||||&#8221; text_text_color=&#8221;#339b97&#8243; header_font=&#8221;||||||||&#8221; header_2_font=&#8221;Inter|700||on|||||&#8221; header_2_text_color=&#8221;#339b97&#8243; header_2_font_size=&#8221;16px&#8221; header_2_letter_spacing=&#8221;1px&#8221; header_2_line_height=&#8221;1.3em&#8221; custom_margin=&#8221;||20px|&#8221; animation_style=&#8221;slide&#8221; animation_direction=&#8221;left&#8221; animation_duration=&#8221;750ms&#8221; saved_tabs=&#8221;all&#8221; locked=&#8221;off&#8221; global_colors_info=&#8221;{}&#8221;]<\/p>\n<h2>A GlobalX<\/h2>\n<p>[\/et_pb_text][et_pb_text _builder_version=&#8221;4.24.3&#8243; text_font=&#8221;Open Sans||||||||&#8221; text_text_color=&#8221;#7e8c8e&#8221; text_font_size=&#8221;15px&#8221; text_line_height=&#8221;1.8em&#8221; header_font=&#8221;||||||||&#8221; custom_margin=&#8221;||11px|||&#8221; animation_style=&#8221;slide&#8221; animation_direction=&#8221;left&#8221; animation_duration=&#8221;750ms&#8221; hover_enabled=&#8221;0&#8243; global_colors_info=&#8221;{}&#8221; sticky_enabled=&#8221;0&#8243;]<\/p>\n<p>GlobalX Brasil is a company focused on commitment to public health, quality, and innovation. It has been operating in the Brazilian public health market for 4 years, in the execution of contracts for the supply of health products, diagnostics and the best similar and biosimilar drugs to Brazil.<\/p>\n<p>[\/et_pb_text][et_pb_text _builder_version=&#8221;4.24.2&#8243; text_font=&#8221;Open Sans||||||||&#8221; text_text_color=&#8221;#7e8c8e&#8221; text_font_size=&#8221;15px&#8221; text_line_height=&#8221;1.8em&#8221; header_font=&#8221;||||||||&#8221; custom_margin=&#8221;||20px|||&#8221; custom_padding=&#8221;||0px|||&#8221; animation_style=&#8221;slide&#8221; animation_direction=&#8221;left&#8221; animation_duration=&#8221;750ms&#8221; global_colors_info=&#8221;{}&#8221;]<\/p>\n<p><span>The company has signed more than 36 contracts with governments in Brazil for the supply of health products, diagnostics and medicines, including 3 with the Ministry of Health. Its performance and delivery capacity and national management extended to more than 16 Brazilian states.<\/span><\/p>\n<p>[\/et_pb_text][et_pb_text _builder_version=&#8221;4.24.2&#8243; text_font=&#8221;Open Sans||||||||&#8221; text_text_color=&#8221;#7e8c8e&#8221; text_font_size=&#8221;15px&#8221; text_line_height=&#8221;1.8em&#8221; header_font=&#8221;||||||||&#8221; custom_margin=&#8221;||12px|||&#8221; animation_style=&#8221;slide&#8221; animation_direction=&#8221;left&#8221; animation_duration=&#8221;750ms&#8221; global_colors_info=&#8221;{}&#8221;]<\/p>\n<p><span>It has a qualified team in regulatory matters, import and public management focused on innovation and quality deliveries to Brazil in line with the company's principles and values.<\/span><\/p>\n<p>[\/et_pb_text][et_pb_text _builder_version=&#8221;4.24.3&#8243; text_font=&#8221;Open Sans||||||||&#8221; text_text_color=&#8221;#7e8c8e&#8221; text_font_size=&#8221;15px&#8221; text_line_height=&#8221;1.8em&#8221; header_font=&#8221;||||||||&#8221; custom_margin=&#8221;||60px|&#8221; animation_style=&#8221;slide&#8221; animation_direction=&#8221;left&#8221; animation_duration=&#8221;750ms&#8221; hover_enabled=&#8221;0&#8243; global_colors_info=&#8221;{}&#8221; sticky_enabled=&#8221;0&#8243;]<\/p>\n<p><span>A <strong>GlobalX<\/strong> The GlobalX seeks to meet not only the needs of its customers, but also to contribute to the improvement of the health of society in the world, in coping with diseases and overcoming pandemics.<\/span><\/p>\n<p>[\/et_pb_text][\/et_pb_column][\/et_pb_row][\/et_pb_section][et_pb_section fb_built=&#8221;1&#8243; admin_label=&#8221;Miss\u00e3o&#8221; _builder_version=&#8221;4.24.2&#8243; background_color=&#8221;#f0f6f9&#8243; custom_padding=&#8221;110px|0px|110px|0px&#8221; collapsed=&#8221;on&#8221; global_colors_info=&#8221;{}&#8221;][et_pb_row _builder_version=&#8221;4.24.2&#8243; background_color=&#8221;#FFFFFF&#8221; custom_padding=&#8221;|40px||40px|false|false&#8221; border_radii=&#8221;on|6px|6px|6px|6px&#8221; box_shadow_style=&#8221;preset1&#8243; box_shadow_vertical=&#8221;10px&#8221; box_shadow_blur=&#8221;24px&#8221; box_shadow_spread=&#8221;6px&#8221; box_shadow_color=&#8221;rgba(0,0,0,0.06)&#8221; locked=&#8221;off&#8221; global_colors_info=&#8221;{}&#8221;][et_pb_column type=&#8221;4_4&#8243; _builder_version=&#8221;4.16&#8243; custom_padding=&#8221;|||&#8221; global_colors_info=&#8221;{}&#8221; custom_padding__hover=&#8221;|||&#8221;][et_pb_text _builder_version=&#8221;4.24.2&#8243; text_font=&#8221;||||||||&#8221; text_text_color=&#8221;#339b97&#8243; header_font=&#8221;||||||||&#8221; header_2_font=&#8221;Inter|700||on|||||&#8221; header_2_text_color=&#8221;#339b97&#8243; header_2_font_size=&#8221;16px&#8221; header_2_letter_spacing=&#8221;1px&#8221; header_2_line_height=&#8221;1.3em&#8221; custom_margin=&#8221;||20px|&#8221; animation_style=&#8221;slide&#8221; animation_direction=&#8221;right&#8221; animation_duration=&#8221;750ms&#8221; saved_tabs=&#8221;all&#8221; locked=&#8221;off&#8221; global_colors_info=&#8221;{}&#8221;]<\/p>\n<h2>MISSION<\/h2>\n<p>[\/et_pb_text][et_pb_text _builder_version=&#8221;4.24.3&#8243; text_font=&#8221;Open Sans||||||||&#8221; text_text_color=&#8221;#7e8c8e&#8221; text_font_size=&#8221;15px&#8221; text_line_height=&#8221;1.8em&#8221; header_font=&#8221;||||||||&#8221; custom_margin=&#8221;||11px|||&#8221; animation_style=&#8221;slide&#8221; animation_direction=&#8221;right&#8221; animation_duration=&#8221;750ms&#8221; global_colors_info=&#8221;{}&#8221;]Nosso compromisso \u00e9 melhorar a qualidade de vida dos brasileiros, fornecendo produtos e servi\u00e7os de sa\u00fade inovadores, acess\u00edveis e de alta qualidade. Buscamos constantemente as melhores refer\u00eancias  em medicamentos, diagn\u00f3sticos e produtos de sa\u00fade, promovendo a preven\u00e7\u00e3o, o tratamento e o bem-estar e o melhor custo-benef\u00edcio ao povo brasileiro. Colaboramos com governos, profissionais de sa\u00fade, comunidades e parceiros para promover a sa\u00fade de todos[\/et_pb_text][\/et_pb_column][\/et_pb_row][\/et_pb_section][et_pb_section fb_built=&#8221;1&#8243; admin_label=&#8221;Valores&#8221; _builder_version=&#8221;4.16&#8243; custom_padding=&#8221;110px|0px|110px|0px&#8221; collapsed=&#8221;on&#8221; global_colors_info=&#8221;{}&#8221;][et_pb_row _builder_version=&#8221;4.24.2&#8243; custom_padding=&#8221;|40px|0px|40px|false|false&#8221; border_radii=&#8221;on|6px|6px|6px|6px&#8221; box_shadow_style=&#8221;preset1&#8243; box_shadow_vertical=&#8221;10px&#8221; box_shadow_blur=&#8221;24px&#8221; box_shadow_spread=&#8221;6px&#8221; box_shadow_color=&#8221;rgba(0,0,0,0.06)&#8221; locked=&#8221;off&#8221; global_colors_info=&#8221;{}&#8221;][et_pb_column type=&#8221;4_4&#8243; _builder_version=&#8221;4.16&#8243; custom_padding=&#8221;|||&#8221; global_colors_info=&#8221;{}&#8221; custom_padding__hover=&#8221;|||&#8221;][et_pb_text _builder_version=&#8221;4.24.2&#8243; text_font=&#8221;||||||||&#8221; text_text_color=&#8221;#339b97&#8243; header_font=&#8221;||||||||&#8221; header_2_font=&#8221;Inter|700||on|||||&#8221; header_2_text_color=&#8221;#339b97&#8243; header_2_font_size=&#8221;16px&#8221; header_2_letter_spacing=&#8221;1px&#8221; header_2_line_height=&#8221;1.3em&#8221; custom_margin=&#8221;||20px|&#8221; animation_style=&#8221;slide&#8221; animation_direction=&#8221;left&#8221; animation_duration=&#8221;750ms&#8221; saved_tabs=&#8221;all&#8221; locked=&#8221;off&#8221; global_colors_info=&#8221;{}&#8221;]<\/p>\n<h2>Values<\/h2>\n<p>[\/et_pb_text][et_pb_text _builder_version=&#8221;4.24.3&#8243; text_font=&#8221;Open Sans||||||||&#8221; text_text_color=&#8221;#7e8c8e&#8221; text_font_size=&#8221;15px&#8221; text_line_height=&#8221;1.8em&#8221; header_font=&#8221;||||||||&#8221; custom_margin=&#8221;||11px|||&#8221; animation_style=&#8221;slide&#8221; animation_direction=&#8221;left&#8221; animation_duration=&#8221;750ms&#8221; global_colors_info=&#8221;{}&#8221;]1.Excel\u00eancia: Inova\u00e7\u00e3o e Qualidade no Desenvolvimento de Produtos&#8221;. Sabemos o qu\u00e3o \u00e9 importante avan\u00e7ar continuamente na pesquisa e desenvolvimento para criar medicamentos inovadores que atendam ou superem as necessidades dos pacientes, ao mesmo tempo em que nos comprometemos com os mais altos padr\u00f5es de qualidade em todas as etapas do processo, desde a concep\u00e7\u00e3o at\u00e9 a entrega ao consumidor. Estamos comprometidos  com a busca por solu\u00e7\u00f5es terap\u00eauticas avan\u00e7adas e eficazes, mas tamb\u00e9m a responsabilidade de assegurar a seguran\u00e7a, efic\u00e1cia e acessibilidade desses produtos. Isso reflete n\u00e3o apenas com o sucesso financeiro, mas tamb\u00e9m com o bem-estar dos pacientes e a contribui\u00e7\u00e3o positiva para a sociedade como um todo.[\/et_pb_text][et_pb_text _builder_version=&#8221;4.24.2&#8243; text_font=&#8221;Open Sans||||||||&#8221; text_text_color=&#8221;#7e8c8e&#8221; text_font_size=&#8221;15px&#8221; text_line_height=&#8221;1.8em&#8221; header_font=&#8221;||||||||&#8221; custom_margin=&#8221;||20px|||&#8221; custom_padding=&#8221;||0px|||&#8221; animation_style=&#8221;slide&#8221; animation_direction=&#8221;left&#8221; animation_duration=&#8221;750ms&#8221; global_colors_info=&#8221;{}&#8221;]<\/p>\n<p><span>2.\tQuality: We are committed to the highest quality standards in all our products and services. We seek excellence in research, manufacturing, customer service and technical support always in line with national health legislation.<\/span><\/p>\n<p>[\/et_pb_text][et_pb_text _builder_version=&#8221;4.24.2&#8243; text_font=&#8221;Open Sans||||||||&#8221; text_text_color=&#8221;#7e8c8e&#8221; text_font_size=&#8221;15px&#8221; text_line_height=&#8221;1.8em&#8221; header_font=&#8221;||||||||&#8221; custom_margin=&#8221;||12px|||&#8221; animation_style=&#8221;slide&#8221; animation_direction=&#8221;left&#8221; animation_duration=&#8221;750ms&#8221; global_colors_info=&#8221;{}&#8221;]<\/p>\n<p><span>3.\tInnovation: We are constantly looking for advances and innovations that improve health and well-being. We invest in partners and manufacturers that work in research and development to bring state-of-the-art health solutions.<\/span><\/p>\n<p>[\/et_pb_text][et_pb_text _builder_version=&#8221;4.24.2&#8243; text_font=&#8221;Open Sans||||||||&#8221; text_text_color=&#8221;#7e8c8e&#8221; text_font_size=&#8221;15px&#8221; text_line_height=&#8221;1.8em&#8221; header_font=&#8221;||||||||&#8221; custom_margin=&#8221;||16px|||&#8221; animation_style=&#8221;slide&#8221; animation_direction=&#8221;left&#8221; animation_duration=&#8221;750ms&#8221; global_colors_info=&#8221;{}&#8221;]<\/p>\n<p><span>4.\tAccessibility: We make our products and services accessible to the Brazilian government and available to as many people as possible, to ensure that no one is deprived of quality health care aligned with SUS needs.<\/span><\/p>\n<p>[\/et_pb_text][et_pb_text _builder_version=&#8221;4.24.2&#8243; text_font=&#8221;Open Sans||||||||&#8221; text_text_color=&#8221;#7e8c8e&#8221; text_font_size=&#8221;15px&#8221; text_line_height=&#8221;1.8em&#8221; header_font=&#8221;||||||||&#8221; custom_margin=&#8221;||18px|||&#8221; animation_style=&#8221;slide&#8221; animation_direction=&#8221;left&#8221; animation_duration=&#8221;750ms&#8221; global_colors_info=&#8221;{}&#8221;]<\/p>\n<p><span>5.\tCollaboration: We work with a team highly specialized in regulatory, diagnostic, import and public management matters in close collaboration with the company's guidelines and national legislation to better serve Brazilians and innovation in health.<\/span><\/p>\n<p>[\/et_pb_text][et_pb_text _builder_version=&#8221;4.24.2&#8243; text_font=&#8221;Open Sans||||||||&#8221; text_text_color=&#8221;#7e8c8e&#8221; text_font_size=&#8221;15px&#8221; text_line_height=&#8221;1.8em&#8221; header_font=&#8221;||||||||&#8221; custom_margin=&#8221;||17px|||&#8221; animation_style=&#8221;slide&#8221; animation_direction=&#8221;left&#8221; animation_duration=&#8221;750ms&#8221; global_colors_info=&#8221;{}&#8221;]<\/p>\n<p><span>6.\tSocial Responsibility: We demonstrate our commitment to corporate social responsibility by supporting initiatives that benefit the communities in which we operate and the environment.<\/span><\/p>\n<p>[\/et_pb_text][et_pb_text _builder_version=&#8221;4.24.2&#8243; text_font=&#8221;Open Sans||||||||&#8221; text_text_color=&#8221;#7e8c8e&#8221; text_font_size=&#8221;15px&#8221; text_line_height=&#8221;1.8em&#8221; header_font=&#8221;||||||||&#8221; custom_margin=&#8221;||60px|&#8221; animation_style=&#8221;slide&#8221; animation_direction=&#8221;left&#8221; animation_duration=&#8221;750ms&#8221; global_colors_info=&#8221;{}&#8221;]<\/p>\n<p><span>7.\tCustomer Service: We maintain a professional and reliable relationship with our customers, understanding their needs and providing efficient solutions.<\/span><\/p>\n<p>[\/et_pb_text][\/et_pb_column][\/et_pb_row][\/et_pb_section]<\/p>","protected":false},"excerpt":{"rendered":"<p>Quem somos Bem-vindo (a) \u00e0 GlobalX, onde a inova\u00e7\u00e3o encontra a dedica\u00e7\u00e3o.A GlobalXA GlobalX Brasil \u00e9 uma empresa focada no compromisso com a sa\u00fade p\u00fablica, de qualidade, e inova\u00e7\u00e3o. Atua no mercado p\u00fablico de sa\u00fade brasileiro h\u00e1 4 anos, na execu\u00e7\u00e3o de contratos para o fornecimento de produtos de sa\u00fade, diagn\u00f3sticos e os melhores medicamentos [&hellip;]<\/p>","protected":false},"author":1,"featured_media":0,"parent":0,"menu_order":0,"comment_status":"closed","ping_status":"closed","template":"","meta":{"_et_pb_use_builder":"on","_et_pb_old_content":"","_et_gb_content_width":"","footnotes":""},"class_list":["post-38","page","type-page","status-publish","hentry"],"yoast_head":"<!-- This site is optimized with the Yoast SEO plugin v26.6 - https:\/\/yoast.com\/wordpress\/plugins\/seo\/ -->\n<title>Quem somos<\/title>\n<meta name=\"robots\" content=\"index, follow, max-snippet:-1, max-image-preview:large, max-video-preview:-1\" \/>\n<link rel=\"canonical\" href=\"https:\/\/www.globalxtechnology.com.br\/en\/quem-somos\/\" \/>\n<meta property=\"og:locale\" content=\"en_US\" \/>\n<meta property=\"og:type\" content=\"article\" \/>\n<meta property=\"og:title\" content=\"Quem somos\" \/>\n<meta property=\"og:description\" content=\"Quem somos Bem-vindo (a) \u00e0 GlobalX, onde a inova\u00e7\u00e3o encontra a dedica\u00e7\u00e3o.A GlobalXA GlobalX Brasil \u00e9 uma empresa focada no compromisso com a sa\u00fade p\u00fablica, de qualidade, e inova\u00e7\u00e3o. Atua no mercado p\u00fablico de sa\u00fade brasileiro h\u00e1 4 anos, na execu\u00e7\u00e3o de contratos para o fornecimento de produtos de sa\u00fade, diagn\u00f3sticos e os melhores medicamentos [&hellip;]\" \/>\n<meta property=\"og:url\" content=\"https:\/\/www.globalxtechnology.com.br\/en\/quem-somos\/\" \/>\n<meta property=\"og:site_name\" content=\"GlobalX Pharma\" \/>\n<meta property=\"article:modified_time\" content=\"2024-04-17T20:15:16+00:00\" \/>\n<meta name=\"twitter:card\" content=\"summary_large_image\" \/>\n<meta name=\"twitter:label1\" content=\"Est. reading time\" \/>\n\t<meta name=\"twitter:data1\" content=\"9 minutes\" \/>\n<script type=\"application\/ld+json\" class=\"yoast-schema-graph\">{\"@context\":\"https:\/\/schema.org\",\"@graph\":[{\"@type\":\"WebPage\",\"@id\":\"https:\/\/www.globalxtechnology.com.br\/quem-somos\/\",\"url\":\"https:\/\/www.globalxtechnology.com.br\/quem-somos\/\",\"name\":\"Quem somos\",\"isPartOf\":{\"@id\":\"https:\/\/www.globalxtechnology.com.br\/#website\"},\"datePublished\":\"2024-03-12T21:10:20+00:00\",\"dateModified\":\"2024-04-17T20:15:16+00:00\",\"breadcrumb\":{\"@id\":\"https:\/\/www.globalxtechnology.com.br\/quem-somos\/#breadcrumb\"},\"inLanguage\":\"en-US\",\"potentialAction\":[{\"@type\":\"ReadAction\",\"target\":[\"https:\/\/www.globalxtechnology.com.br\/quem-somos\/\"]}]},{\"@type\":\"BreadcrumbList\",\"@id\":\"https:\/\/www.globalxtechnology.com.br\/quem-somos\/#breadcrumb\",\"itemListElement\":[{\"@type\":\"ListItem\",\"position\":1,\"name\":\"In\u00edcio\",\"item\":\"https:\/\/www.globalxtechnology.com.br\/\"},{\"@type\":\"ListItem\",\"position\":2,\"name\":\"Quem somos\"}]},{\"@type\":\"WebSite\",\"@id\":\"https:\/\/www.globalxtechnology.com.br\/#website\",\"url\":\"https:\/\/www.globalxtechnology.com.br\/\",\"name\":\"GlobalX Technology\",\"description\":\"A Globalx Brasil \u00e9 uma empresa focada no compromisso com a sa\u00fade p\u00fablica, de qualidade, e inova\u00e7\u00e3o.\",\"publisher\":{\"@id\":\"https:\/\/www.globalxtechnology.com.br\/#organization\"},\"potentialAction\":[{\"@type\":\"SearchAction\",\"target\":{\"@type\":\"EntryPoint\",\"urlTemplate\":\"https:\/\/www.globalxtechnology.com.br\/?s={search_term_string}\"},\"query-input\":{\"@type\":\"PropertyValueSpecification\",\"valueRequired\":true,\"valueName\":\"search_term_string\"}}],\"inLanguage\":\"en-US\"},{\"@type\":\"Organization\",\"@id\":\"https:\/\/www.globalxtechnology.com.br\/#organization\",\"name\":\"GlobalX Technology\",\"url\":\"https:\/\/www.globalxtechnology.com.br\/\",\"logo\":{\"@type\":\"ImageObject\",\"inLanguage\":\"en-US\",\"@id\":\"https:\/\/www.globalxtechnology.com.br\/#\/schema\/logo\/image\/\",\"url\":\"https:\/\/www.globalxtechnology.com.br\/wp-content\/uploads\/2024\/03\/WhatsApp-Image-2024-03-27-at-11.07.24.jpeg\",\"contentUrl\":\"https:\/\/www.globalxtechnology.com.br\/wp-content\/uploads\/2024\/03\/WhatsApp-Image-2024-03-27-at-11.07.24.jpeg\",\"width\":512,\"height\":513,\"caption\":\"GlobalX Technology\"},\"image\":{\"@id\":\"https:\/\/www.globalxtechnology.com.br\/#\/schema\/logo\/image\/\"}}]}<\/script>\n<!-- \/ Yoast SEO plugin. -->","yoast_head_json":{"title":"ABOUT US","robots":{"index":"index","follow":"follow","max-snippet":"max-snippet:-1","max-image-preview":"max-image-preview:large","max-video-preview":"max-video-preview:-1"},"canonical":"https:\/\/www.globalxtechnology.com.br\/en\/quem-somos\/","og_locale":"en_US","og_type":"article","og_title":"Quem somos","og_description":"Quem somos Bem-vindo (a) \u00e0 GlobalX, onde a inova\u00e7\u00e3o encontra a dedica\u00e7\u00e3o.A GlobalXA GlobalX Brasil \u00e9 uma empresa focada no compromisso com a sa\u00fade p\u00fablica, de qualidade, e inova\u00e7\u00e3o. Atua no mercado p\u00fablico de sa\u00fade brasileiro h\u00e1 4 anos, na execu\u00e7\u00e3o de contratos para o fornecimento de produtos de sa\u00fade, diagn\u00f3sticos e os melhores medicamentos [&hellip;]","og_url":"https:\/\/www.globalxtechnology.com.br\/en\/quem-somos\/","og_site_name":"GlobalX Pharma","article_modified_time":"2024-04-17T20:15:16+00:00","twitter_card":"summary_large_image","twitter_misc":{"Est. reading time":"9 minutes"},"schema":{"@context":"https:\/\/schema.org","@graph":[{"@type":"WebPage","@id":"https:\/\/www.globalxtechnology.com.br\/quem-somos\/","url":"https:\/\/www.globalxtechnology.com.br\/quem-somos\/","name":"ABOUT US","isPartOf":{"@id":"https:\/\/www.globalxtechnology.com.br\/#website"},"datePublished":"2024-03-12T21:10:20+00:00","dateModified":"2024-04-17T20:15:16+00:00","breadcrumb":{"@id":"https:\/\/www.globalxtechnology.com.br\/quem-somos\/#breadcrumb"},"inLanguage":"en-US","potentialAction":[{"@type":"ReadAction","target":["https:\/\/www.globalxtechnology.com.br\/quem-somos\/"]}]},{"@type":"BreadcrumbList","@id":"https:\/\/www.globalxtechnology.com.br\/quem-somos\/#breadcrumb","itemListElement":[{"@type":"ListItem","position":1,"name":"In\u00edcio","item":"https:\/\/www.globalxtechnology.com.br\/"},{"@type":"ListItem","position":2,"name":"Quem somos"}]},{"@type":"WebSite","@id":"https:\/\/www.globalxtechnology.com.br\/#website","url":"https:\/\/www.globalxtechnology.com.br\/","name":"GlobalX Technology","description":"A Globalx Brasil \u00e9 uma empresa focada no compromisso com a sa\u00fade p\u00fablica, de qualidade, e inova\u00e7\u00e3o.","publisher":{"@id":"https:\/\/www.globalxtechnology.com.br\/#organization"},"potentialAction":[{"@type":"SearchAction","target":{"@type":"EntryPoint","urlTemplate":"https:\/\/www.globalxtechnology.com.br\/?s={search_term_string}"},"query-input":{"@type":"PropertyValueSpecification","valueRequired":true,"valueName":"search_term_string"}}],"inLanguage":"en-US"},{"@type":"Organization","@id":"https:\/\/www.globalxtechnology.com.br\/#organization","name":"GlobalX Technology","url":"https:\/\/www.globalxtechnology.com.br\/","logo":{"@type":"ImageObject","inLanguage":"en-US","@id":"https:\/\/www.globalxtechnology.com.br\/#\/schema\/logo\/image\/","url":"https:\/\/www.globalxtechnology.com.br\/wp-content\/uploads\/2024\/03\/WhatsApp-Image-2024-03-27-at-11.07.24.jpeg","contentUrl":"https:\/\/www.globalxtechnology.com.br\/wp-content\/uploads\/2024\/03\/WhatsApp-Image-2024-03-27-at-11.07.24.jpeg","width":512,"height":513,"caption":"GlobalX Technology"},"image":{"@id":"https:\/\/www.globalxtechnology.com.br\/#\/schema\/logo\/image\/"}}]}},"_links":{"self":[{"href":"https:\/\/www.globalxtechnology.com.br\/en\/wp-json\/wp\/v2\/pages\/38","targetHints":{"allow":["GET"]}}],"collection":[{"href":"https:\/\/www.globalxtechnology.com.br\/en\/wp-json\/wp\/v2\/pages"}],"about":[{"href":"https:\/\/www.globalxtechnology.com.br\/en\/wp-json\/wp\/v2\/types\/page"}],"author":[{"embeddable":true,"href":"https:\/\/www.globalxtechnology.com.br\/en\/wp-json\/wp\/v2\/users\/1"}],"replies":[{"embeddable":true,"href":"https:\/\/www.globalxtechnology.com.br\/en\/wp-json\/wp\/v2\/comments?post=38"}],"version-history":[{"count":30,"href":"https:\/\/www.globalxtechnology.com.br\/en\/wp-json\/wp\/v2\/pages\/38\/revisions"}],"predecessor-version":[{"id":891,"href":"https:\/\/www.globalxtechnology.com.br\/en\/wp-json\/wp\/v2\/pages\/38\/revisions\/891"}],"wp:attachment":[{"href":"https:\/\/www.globalxtechnology.com.br\/en\/wp-json\/wp\/v2\/media?parent=38"}],"curies":[{"name":"wp","href":"https:\/\/api.w.org\/{rel}","templated":true}]}}