{"id":44,"date":"2024-03-12T18:11:47","date_gmt":"2024-03-12T21:11:47","guid":{"rendered":"https:\/\/globalxtechnology.com.br\/?page_id=44"},"modified":"2024-04-03T11:11:22","modified_gmt":"2024-04-03T14:11:22","slug":"equipe","status":"publish","type":"page","link":"https:\/\/www.globalxtechnology.com.br\/en\/equipe\/","title":{"rendered":"TEAM"},"content":{"rendered":"<p>[et_pb_section fb_built=&#8221;1&#8243; admin_label=&#8221;Join Now Call to Action&#8221; _builder_version=&#8221;4.24.2&#8243; background_color=&#8221;#f0f6f9&#8243; background_image=&#8221;https:\/\/www.globalxtechnology.com.br\/wp-content\/uploads\/2024\/04\/equipe.png&#8221; custom_margin=&#8221;|||&#8221; custom_padding=&#8221;60px|0px|60px|0px&#8221; locked=&#8221;off&#8221; global_colors_info=&#8221;{}&#8221;][et_pb_row _builder_version=&#8221;4.16&#8243; global_colors_info=&#8221;{}&#8221;][et_pb_column type=&#8221;4_4&#8243; _builder_version=&#8221;4.16&#8243; custom_padding=&#8221;|||&#8221; global_colors_info=&#8221;{}&#8221; custom_padding__hover=&#8221;|||&#8221;][et_pb_text _builder_version=&#8221;4.24.2&#8243; text_font=&#8221;Open Sans||||||||&#8221; text_text_color=&#8221;#FFFFFF&#8221; text_font_size=&#8221;18px&#8221; text_line_height=&#8221;1.8em&#8221; header_font=&#8221;Inter|600|||||||&#8221; header_text_color=&#8221;#00d6bd&#8221; header_font_size=&#8221;48px&#8221; header_line_height=&#8221;1.4em&#8221; header_3_font=&#8221;Poppins|600|||||||&#8221; header_3_font_size=&#8221;36px&#8221; header_3_line_height=&#8221;1.4em&#8221; background_layout=&#8221;dark&#8221; max_width=&#8221;600px&#8221; module_alignment=&#8221;left&#8221; custom_margin=&#8221;|||&#8221; animation_style=&#8221;slide&#8221; animation_direction=&#8221;top&#8221; animation_duration=&#8221;750ms&#8221; global_colors_info=&#8221;{}&#8221;]<\/p>\n<h1>TEAM<\/h1>\n<p><span>Meet our dedicated team of professionals, committed to providing exceptional care and compassionate support to each client.<\/span><\/p>\n<p>[\/et_pb_text][\/et_pb_column][\/et_pb_row][\/et_pb_section][et_pb_section fb_built=&#8221;1&#8243; admin_label=&#8221;Our Teachers Section&#8221; _builder_version=&#8221;4.16&#8243; background_color=&#8221;#fafbfc&#8221; custom_padding=&#8221;110px|0px|110px|0px&#8221; global_colors_info=&#8221;{}&#8221;][et_pb_row column_structure=&#8221;1_3,1_3,1_3&#8243; use_custom_gutter=&#8221;on&#8221; gutter_width=&#8221;2&#8243; custom_padding_last_edited=&#8221;on|desktop&#8221; _builder_version=&#8221;4.16&#8243; custom_padding=&#8221;|||&#8221; custom_padding_tablet=&#8221;0px||0px|&#8221; custom_padding_phone=&#8221;&#8221; locked=&#8221;off&#8221; global_colors_info=&#8221;{}&#8221;][et_pb_column type=&#8221;1_3&#8243; _builder_version=&#8221;4.16&#8243; custom_padding=&#8221;|||&#8221; global_colors_info=&#8221;{}&#8221; custom_padding__hover=&#8221;|||&#8221;][et_pb_team_member image_url=&#8221;https:\/\/www.globalxtechnology.com.br\/wp-content\/uploads\/2024\/04\/processos-regulatorios.png&#8221; icon_color=&#8221;#44d89e&#8221; _builder_version=&#8221;4.24.3&#8243; header_font=&#8221;Inter|500|||||||&#8221; header_text_color=&#8221;RGBA(255,255,255,0)&#8221; header_font_size=&#8221;18px&#8221; body_font=&#8221;Open Sans||||||||&#8221; body_line_height=&#8221;1.8em&#8221; background_color=&#8221;#ffffff&#8221; text_orientation=&#8221;center&#8221; max_width=&#8221;360px&#8221; module_alignment=&#8221;center&#8221; custom_margin=&#8221;|||&#8221; custom_padding=&#8221;12px|12px|33px|12px|false|false&#8221; animation_style=&#8221;slide&#8221; animation_duration=&#8221;750ms&#8221; hover_enabled=&#8221;0&#8243; border_radii=&#8221;on|8px|8px|8px|8px&#8221; box_shadow_style=&#8221;preset1&#8243; box_shadow_vertical=&#8221;10px&#8221; box_shadow_blur=&#8221;24px&#8221; box_shadow_spread=&#8221;6px&#8221; box_shadow_color=&#8221;rgba(0,0,0,0.06)&#8221; icon_hover_color=&#8221;#353740&#8243; global_colors_info=&#8221;{}&#8221; icon_color__hover=&#8221;#353740&#8243; icon_color__hover_enabled=&#8221;on&#8221; position_font=&#8221;Open Sans||||||||&#8221; position_text_color=&#8221;RGBA(255,255,255,0)&#8221; body_text_color=&#8221;#636f72&#8243; sticky_enabled=&#8221;0&#8243;]<\/p>\n<p style=\"text-align: left;\"><strong>Regulatory<\/strong><\/p>\n<p style=\"text-align: left;\">We have a technical team specialized in regulatory processes with more than 26 years of experience in the registration of products and medicines with ANVISA, in addition to work experience with the Ministry of Health.<\/p>\n<p>[\/et_pb_team_member][\/et_pb_column][et_pb_column type=&#8221;1_3&#8243; _builder_version=&#8221;4.16&#8243; custom_padding=&#8221;|||&#8221; global_colors_info=&#8221;{}&#8221; custom_padding__hover=&#8221;|||&#8221;][et_pb_team_member image_url=&#8221;https:\/\/www.globalxtechnology.com.br\/wp-content\/uploads\/2024\/04\/importacao.png&#8221; icon_color=&#8221;#44d89e&#8221; _builder_version=&#8221;4.24.3&#8243; header_font=&#8221;Poppins|500|||||||&#8221; header_text_color=&#8221;#486066&#8243; header_font_size=&#8221;18px&#8221; body_font=&#8221;Open Sans||||||||&#8221; body_line_height=&#8221;1.8em&#8221; background_color=&#8221;#ffffff&#8221; text_orientation=&#8221;center&#8221; max_width=&#8221;360px&#8221; module_alignment=&#8221;center&#8221; custom_margin=&#8221;|||&#8221; custom_padding=&#8221;12px|12px|106px|12px|false|false&#8221; animation_style=&#8221;slide&#8221; animation_duration=&#8221;750ms&#8221; animation_delay=&#8221;100ms&#8221; hover_enabled=&#8221;0&#8243; border_radii=&#8221;on|6px|6px|6px|6px&#8221; box_shadow_style=&#8221;preset1&#8243; box_shadow_vertical=&#8221;10px&#8221; box_shadow_blur=&#8221;24px&#8221; box_shadow_spread=&#8221;6px&#8221; box_shadow_color=&#8221;rgba(0,0,0,0.06)&#8221; icon_hover_color=&#8221;#353740&#8243; global_colors_info=&#8221;{}&#8221; icon_color__hover=&#8221;#353740&#8243; icon_color__hover_enabled=&#8221;on&#8221; body_text_color=&#8221;#636f72&#8243; sticky_enabled=&#8221;0&#8243;]<\/p>\n<p style=\"text-align: left;\"><strong>Import<\/strong><\/p>\n<p style=\"text-align: left;\">Team experienced in importing products contracted and destined for the Ministry of Health.<\/p>\n<p>[\/et_pb_team_member][\/et_pb_column][et_pb_column type=&#8221;1_3&#8243; _builder_version=&#8221;4.16&#8243; custom_padding=&#8221;|||&#8221; global_colors_info=&#8221;{}&#8221; custom_padding__hover=&#8221;|||&#8221;][et_pb_team_member image_url=&#8221;https:\/\/www.globalxtechnology.com.br\/wp-content\/uploads\/2024\/04\/gestao-publica.png&#8221; icon_color=&#8221;#44d89e&#8221; _builder_version=&#8221;4.24.3&#8243; header_font=&#8221;Poppins|500|||||||&#8221; header_text_color=&#8221;#486066&#8243; header_font_size=&#8221;18px&#8221; body_font=&#8221;Open Sans||||||||&#8221; body_line_height=&#8221;1.8em&#8221; background_color=&#8221;#ffffff&#8221; text_orientation=&#8221;center&#8221; max_width=&#8221;360px&#8221; module_alignment=&#8221;center&#8221; custom_margin=&#8221;|||&#8221; custom_padding=&#8221;12px|12px|30px|12px|false|false&#8221; animation_style=&#8221;slide&#8221; animation_duration=&#8221;750ms&#8221; animation_delay=&#8221;200ms&#8221; hover_enabled=&#8221;0&#8243; border_radii=&#8221;on|6px|6px|6px|6px&#8221; box_shadow_style=&#8221;preset1&#8243; box_shadow_vertical=&#8221;10px&#8221; box_shadow_blur=&#8221;24px&#8221; box_shadow_spread=&#8221;6px&#8221; box_shadow_color=&#8221;rgba(0,0,0,0.06)&#8221; icon_hover_color=&#8221;#353740&#8243; locked=&#8221;off&#8221; global_colors_info=&#8221;{}&#8221; icon_color__hover=&#8221;#353740&#8243; icon_color__hover_enabled=&#8221;on&#8221; body_text_color=&#8221;#636f72&#8243; sticky_enabled=&#8221;0&#8243;]<\/p>\n<p style=\"text-align: left;\"><strong>Public Administration<\/strong><\/p>\n<p style=\"text-align: left;\">GlobalX has expertise in public procurement with the Federal Government with qualified professionals with more than 15 years of experience with the Brazilian Government, including contract management, especially with the Ministry of Health.<\/p>\n<p>[\/et_pb_team_member][\/et_pb_column][\/et_pb_row][\/et_pb_section]<\/p>","protected":false},"excerpt":{"rendered":"<p>Equipe Conhe\u00e7a nossa equipe dedicada de profissionais, comprometidos em fornecer cuidados excepcionais e apoio compassivo a cada cliente.Regulat\u00f3rio Contamos com uma equipe t\u00e9cnica especializada em processos regulat\u00f3rios com mais de 26 anos de experi\u00eancia no registro de produtos e medicamentos junto \u00e0 ANVISA, al\u00e9m de experi\u00eancia de trabalho junto ao Minist\u00e9rio da Sa\u00fade.Importa\u00e7\u00e3o Equipe experiente [&hellip;]<\/p>","protected":false},"author":1,"featured_media":0,"parent":0,"menu_order":0,"comment_status":"closed","ping_status":"closed","template":"","meta":{"_et_pb_use_builder":"on","_et_pb_old_content":"","_et_gb_content_width":"","footnotes":""},"class_list":["post-44","page","type-page","status-publish","hentry"],"yoast_head":"<!-- This site is optimized with the Yoast SEO plugin v26.6 - https:\/\/yoast.com\/wordpress\/plugins\/seo\/ -->\n<title>Equipe<\/title>\n<meta name=\"robots\" content=\"index, follow, max-snippet:-1, max-image-preview:large, max-video-preview:-1\" \/>\n<link rel=\"canonical\" href=\"https:\/\/www.globalxtechnology.com.br\/en\/equipe\/\" \/>\n<meta property=\"og:locale\" content=\"en_US\" \/>\n<meta property=\"og:type\" content=\"article\" \/>\n<meta property=\"og:title\" content=\"Equipe\" \/>\n<meta property=\"og:description\" content=\"Equipe Conhe\u00e7a nossa equipe dedicada de profissionais, comprometidos em fornecer cuidados excepcionais e apoio compassivo a cada cliente.Regulat\u00f3rio Contamos com uma equipe t\u00e9cnica especializada em processos regulat\u00f3rios com mais de 26 anos de experi\u00eancia no registro de produtos e medicamentos junto \u00e0 ANVISA, al\u00e9m de experi\u00eancia de trabalho junto ao Minist\u00e9rio da Sa\u00fade.Importa\u00e7\u00e3o Equipe experiente [&hellip;]\" \/>\n<meta property=\"og:url\" content=\"https:\/\/www.globalxtechnology.com.br\/en\/equipe\/\" \/>\n<meta property=\"og:site_name\" content=\"GlobalX Pharma\" \/>\n<meta property=\"article:modified_time\" content=\"2024-04-03T14:11:22+00:00\" \/>\n<meta name=\"twitter:card\" content=\"summary_large_image\" \/>\n<meta name=\"twitter:label1\" content=\"Est. reading time\" \/>\n\t<meta name=\"twitter:data1\" content=\"4 minutes\" \/>\n<script type=\"application\/ld+json\" class=\"yoast-schema-graph\">{\"@context\":\"https:\/\/schema.org\",\"@graph\":[{\"@type\":\"WebPage\",\"@id\":\"https:\/\/www.globalxtechnology.com.br\/equipe\/\",\"url\":\"https:\/\/www.globalxtechnology.com.br\/equipe\/\",\"name\":\"Equipe\",\"isPartOf\":{\"@id\":\"https:\/\/www.globalxtechnology.com.br\/#website\"},\"datePublished\":\"2024-03-12T21:11:47+00:00\",\"dateModified\":\"2024-04-03T14:11:22+00:00\",\"breadcrumb\":{\"@id\":\"https:\/\/www.globalxtechnology.com.br\/equipe\/#breadcrumb\"},\"inLanguage\":\"en-US\",\"potentialAction\":[{\"@type\":\"ReadAction\",\"target\":[\"https:\/\/www.globalxtechnology.com.br\/equipe\/\"]}]},{\"@type\":\"BreadcrumbList\",\"@id\":\"https:\/\/www.globalxtechnology.com.br\/equipe\/#breadcrumb\",\"itemListElement\":[{\"@type\":\"ListItem\",\"position\":1,\"name\":\"In\u00edcio\",\"item\":\"https:\/\/www.globalxtechnology.com.br\/\"},{\"@type\":\"ListItem\",\"position\":2,\"name\":\"Equipe\"}]},{\"@type\":\"WebSite\",\"@id\":\"https:\/\/www.globalxtechnology.com.br\/#website\",\"url\":\"https:\/\/www.globalxtechnology.com.br\/\",\"name\":\"GlobalX Technology\",\"description\":\"A Globalx Brasil \u00e9 uma empresa focada no compromisso com a sa\u00fade p\u00fablica, de qualidade, e inova\u00e7\u00e3o.\",\"publisher\":{\"@id\":\"https:\/\/www.globalxtechnology.com.br\/#organization\"},\"potentialAction\":[{\"@type\":\"SearchAction\",\"target\":{\"@type\":\"EntryPoint\",\"urlTemplate\":\"https:\/\/www.globalxtechnology.com.br\/?s={search_term_string}\"},\"query-input\":{\"@type\":\"PropertyValueSpecification\",\"valueRequired\":true,\"valueName\":\"search_term_string\"}}],\"inLanguage\":\"en-US\"},{\"@type\":\"Organization\",\"@id\":\"https:\/\/www.globalxtechnology.com.br\/#organization\",\"name\":\"GlobalX Technology\",\"url\":\"https:\/\/www.globalxtechnology.com.br\/\",\"logo\":{\"@type\":\"ImageObject\",\"inLanguage\":\"en-US\",\"@id\":\"https:\/\/www.globalxtechnology.com.br\/#\/schema\/logo\/image\/\",\"url\":\"https:\/\/www.globalxtechnology.com.br\/wp-content\/uploads\/2024\/03\/WhatsApp-Image-2024-03-27-at-11.07.24.jpeg\",\"contentUrl\":\"https:\/\/www.globalxtechnology.com.br\/wp-content\/uploads\/2024\/03\/WhatsApp-Image-2024-03-27-at-11.07.24.jpeg\",\"width\":512,\"height\":513,\"caption\":\"GlobalX Technology\"},\"image\":{\"@id\":\"https:\/\/www.globalxtechnology.com.br\/#\/schema\/logo\/image\/\"}}]}<\/script>\n<!-- \/ Yoast SEO plugin. -->","yoast_head_json":{"title":"TEAM","robots":{"index":"index","follow":"follow","max-snippet":"max-snippet:-1","max-image-preview":"max-image-preview:large","max-video-preview":"max-video-preview:-1"},"canonical":"https:\/\/www.globalxtechnology.com.br\/en\/equipe\/","og_locale":"en_US","og_type":"article","og_title":"Equipe","og_description":"Equipe Conhe\u00e7a nossa equipe dedicada de profissionais, comprometidos em fornecer cuidados excepcionais e apoio compassivo a cada cliente.Regulat\u00f3rio Contamos com uma equipe t\u00e9cnica especializada em processos regulat\u00f3rios com mais de 26 anos de experi\u00eancia no registro de produtos e medicamentos junto \u00e0 ANVISA, al\u00e9m de experi\u00eancia de trabalho junto ao Minist\u00e9rio da Sa\u00fade.Importa\u00e7\u00e3o Equipe experiente [&hellip;]","og_url":"https:\/\/www.globalxtechnology.com.br\/en\/equipe\/","og_site_name":"GlobalX Pharma","article_modified_time":"2024-04-03T14:11:22+00:00","twitter_card":"summary_large_image","twitter_misc":{"Est. reading time":"4 minutes"},"schema":{"@context":"https:\/\/schema.org","@graph":[{"@type":"WebPage","@id":"https:\/\/www.globalxtechnology.com.br\/equipe\/","url":"https:\/\/www.globalxtechnology.com.br\/equipe\/","name":"TEAM","isPartOf":{"@id":"https:\/\/www.globalxtechnology.com.br\/#website"},"datePublished":"2024-03-12T21:11:47+00:00","dateModified":"2024-04-03T14:11:22+00:00","breadcrumb":{"@id":"https:\/\/www.globalxtechnology.com.br\/equipe\/#breadcrumb"},"inLanguage":"en-US","potentialAction":[{"@type":"ReadAction","target":["https:\/\/www.globalxtechnology.com.br\/equipe\/"]}]},{"@type":"BreadcrumbList","@id":"https:\/\/www.globalxtechnology.com.br\/equipe\/#breadcrumb","itemListElement":[{"@type":"ListItem","position":1,"name":"In\u00edcio","item":"https:\/\/www.globalxtechnology.com.br\/"},{"@type":"ListItem","position":2,"name":"Equipe"}]},{"@type":"WebSite","@id":"https:\/\/www.globalxtechnology.com.br\/#website","url":"https:\/\/www.globalxtechnology.com.br\/","name":"GlobalX Technology","description":"A Globalx Brasil \u00e9 uma empresa focada no compromisso com a sa\u00fade p\u00fablica, de qualidade, e inova\u00e7\u00e3o.","publisher":{"@id":"https:\/\/www.globalxtechnology.com.br\/#organization"},"potentialAction":[{"@type":"SearchAction","target":{"@type":"EntryPoint","urlTemplate":"https:\/\/www.globalxtechnology.com.br\/?s={search_term_string}"},"query-input":{"@type":"PropertyValueSpecification","valueRequired":true,"valueName":"search_term_string"}}],"inLanguage":"en-US"},{"@type":"Organization","@id":"https:\/\/www.globalxtechnology.com.br\/#organization","name":"GlobalX Technology","url":"https:\/\/www.globalxtechnology.com.br\/","logo":{"@type":"ImageObject","inLanguage":"en-US","@id":"https:\/\/www.globalxtechnology.com.br\/#\/schema\/logo\/image\/","url":"https:\/\/www.globalxtechnology.com.br\/wp-content\/uploads\/2024\/03\/WhatsApp-Image-2024-03-27-at-11.07.24.jpeg","contentUrl":"https:\/\/www.globalxtechnology.com.br\/wp-content\/uploads\/2024\/03\/WhatsApp-Image-2024-03-27-at-11.07.24.jpeg","width":512,"height":513,"caption":"GlobalX Technology"},"image":{"@id":"https:\/\/www.globalxtechnology.com.br\/#\/schema\/logo\/image\/"}}]}},"_links":{"self":[{"href":"https:\/\/www.globalxtechnology.com.br\/en\/wp-json\/wp\/v2\/pages\/44","targetHints":{"allow":["GET"]}}],"collection":[{"href":"https:\/\/www.globalxtechnology.com.br\/en\/wp-json\/wp\/v2\/pages"}],"about":[{"href":"https:\/\/www.globalxtechnology.com.br\/en\/wp-json\/wp\/v2\/types\/page"}],"author":[{"embeddable":true,"href":"https:\/\/www.globalxtechnology.com.br\/en\/wp-json\/wp\/v2\/users\/1"}],"replies":[{"embeddable":true,"href":"https:\/\/www.globalxtechnology.com.br\/en\/wp-json\/wp\/v2\/comments?post=44"}],"version-history":[{"count":28,"href":"https:\/\/www.globalxtechnology.com.br\/en\/wp-json\/wp\/v2\/pages\/44\/revisions"}],"predecessor-version":[{"id":779,"href":"https:\/\/www.globalxtechnology.com.br\/en\/wp-json\/wp\/v2\/pages\/44\/revisions\/779"}],"wp:attachment":[{"href":"https:\/\/www.globalxtechnology.com.br\/en\/wp-json\/wp\/v2\/media?parent=44"}],"curies":[{"name":"wp","href":"https:\/\/api.w.org\/{rel}","templated":true}]}}